{"id":519,"date":"2018-05-25T14:45:35","date_gmt":"2018-05-25T12:45:35","guid":{"rendered":"http:\/\/www.fvh-neustadt.de\/?page_id=519"},"modified":"2018-06-01T15:00:50","modified_gmt":"2018-06-01T13:00:50","slug":"datenschutz","status":"publish","type":"page","link":"https:\/\/www.fvh-neustadt.de\/?page_id=519","title":{"rendered":"Datenschutz"},"content":{"rendered":"<p>&nbsp;<\/p>\n<p>DATENSCHUTZERKL\u00c4RUNG<br \/>\nDer nachfolgende Text dient Ihrer Information \u00fcber die von uns vorgenommene Verarbeitung Ihrer personenbezogenen Daten im Rahmen unseres Internetangebots.<\/p>\n<p>VERANTWORTLICHER<br \/>\nF\u00f6rderverein Handball Neustadt i.H. e.V.<br \/>\nHeiko Haase<br \/>\nAltes Seeufer 1A<br \/>\n23717 Griebel<\/p>\n<p>Vertreten durch<br \/>\n1. Vorsitzender<br \/>\nHeiko Haase<br \/>\nAltes Seeufer 1a<br \/>\n23717 Griebel<\/p>\n<p>Telefon: +49 (0) 4561 \/ 23 33<br \/>\nE-Mail: info@fvh-neustadt.de<\/p>\n<p>&nbsp;<\/p>\n<p>KONTAKT DATENSCHUTZ<br \/>\ndatenschutz@fvh-neustadt.de<\/p>\n<p>&nbsp;<\/p>\n<p>WANN VERARBEITEN WIR WELCHE PERSONENBEZOGENEN DATEN<\/p>\n<p>In folgenden F\u00e4llen verarbeiten wir von Ihnen personenbezogene Daten:<\/p>\n<p>Besuchen Sie unserer Website werden durch den auf Ihrem Endger\u00e4t zum Einsatz kommenden Browser automatisch Informationen an den Server unserer Website gesendet. Diese Informationen werden tempor\u00e4r in einem sog. Logfile gespeichert. Folgende Informationen werden dabei ohne Ihr Zutun erfasst und bis zur automatisierten L\u00f6schung gespeichert:<br \/>\nIP-Adresse des anfragenden Rechners,<br \/>\nDatum und Uhrzeit des Zugriffs,<br \/>\nName und URL der abgerufenen Datei,<br \/>\nWebsite, von der aus der Zugriff erfolgt (Referrer-URL),<br \/>\nverwendeter Browser und ggf. das Betriebssystem Ihres Rechners sowie der Name Ihres Access-Providers.<br \/>\nDar\u00fcber hinaus setzen wir beim Besuch unserer Website Cookies ein.<\/p>\n<p>Bei Fragen jeglicher Art bieten wir Ihnen die M\u00f6glichkeit, mit uns \u00fcber ein auf der Website bereitgestelltes Formular Kontakt aufzunehmen. Dabei ist die Angabe einer g\u00fcltigen E-Mail-Adresse und ihr Name erforderlich, damit wir wissen, von wem die Anfrage stammt und um diese beantworten zu k\u00f6nnen. Weitere Angaben k\u00f6nnen freiwillig get\u00e4tigt werden.<\/p>\n<p>ZWECKE DER DATENVERARBEITUNG<br \/>\nWir verwenden die von Ihnen aktiv mitgeteilten personenbezogenen Daten nur f\u00fcr den jeweils vereinbarten Zweck und nur im erforderlichen Umfang.<\/p>\n<p>Die genannten Daten werden durch uns zu folgenden Zwecken verarbeitet:<br \/>\nGew\u00e4hrleistung eines reibungslosen Verbindungsaufbaus der Website,<br \/>\nGew\u00e4hrleistung einer komfortablen Nutzung unserer Website,<br \/>\nAuswertung der Systemsicherheit und -stabilit\u00e4t sowie<br \/>\nzu weiteren administrativen Zwecken.<br \/>\nDie Rechtsgrundlage f\u00fcr die Datenverarbeitung ist Art. 6 Abs. 1 S. 1 lit. f DSGVO. Unser berechtigtes Interesse folgt aus oben aufgelisteten Zwecken zur Datenerhebung. In keinem Fall verwenden wir die erhobenen Daten zu dem Zweck, R\u00fcckschl\u00fcsse auf Ihre Person zu ziehen.<br \/>\nDie Datenverarbeitung zum Zwecke der Kontaktaufnahme mit uns erfolgt nach Art. 6 Abs. 1 S. 1 lit. b) DSGVO auf Grundlage eine vorvertragliche Ma\u00dfnahme. Wenn es zu einem Vertrag kommt k\u00f6nnen die Daten in unser Kundenbetreuungssystem aufgenommen werden. Die Daten werden zu keinen weiteren Zwecken verarbeitet.<\/p>\n<p>KATEGORIEN VON EMPF\u00c4NGERN DER PERSONENBEZOGENEN DATEN<br \/>\nEine \u00dcbermittlung Ihrer pers\u00f6nlichen Daten an Dritte erfolgt unter keinen Umst\u00e4nden.<\/p>\n<p>DAUER, F\u00dcR DIE DIE PERSONENBEZOGENEN DATEN GESPEICHERT WERDEN<br \/>\nCookies werden in Ihrem Browser als sog. Session-Cookies gespeichert, sodass Ihr Browser diese nach Verlassen der Website automatisiert wieder l\u00f6scht. Die Dauer der Speicherung folgt in diesem Fall aus der technischen Funktionalit\u00e4t des von Ihnen verwendeten Browsers.<br \/>\nPersonenbezogene Daten, die uns im Zusammenhang mit einer Kontaktanfrage auf unserer Website \u00fcbermittelt werden, werden nur f\u00fcr die Dauer der Bearbeitung der Anfrage gespeichert. Wenn es zu einem Vertrag kommt, k\u00f6nnen die von Ihnen angegeben Daten in unserem Kundenbetreuungssystem regelm\u00e4\u00dfig f\u00fcr 10 Jahre gespeichert, wenn es keine andere rechtliche Verpflichtung gibt die uns zu einer l\u00e4ngeren Speicherung verpflichtet.<br \/>\nIhre angegebenen personenbezogenen Daten werden bis Widerruf gespeichert.<\/p>\n<p>Wir weisen darauf hin, dass wir Ihre Daten l\u00f6schen, wenn ihre Speicherung unzul\u00e4ssig ist (insbesondere wenn die Daten unrichtig sind und eine Korrektur nicht m\u00f6glich ist). An die Stelle der L\u00f6schung tritt die Sperrung, sofern rechtliche oder tats\u00e4chliche Hindernisse entgegenstehen (beispielsweise besondere Aufbewahrungspflichten aufgrund handels- und steuerrechtlicher Vorgaben).<\/p>\n<p>WIDERSPRUCHSRECHT<br \/>\nSofern Ihre personenbezogenen Daten auf Grundlage von berechtigten Interessen gem\u00e4\u00df Art. 6 Abs. 1 S. 1 lit. f DSGVO verarbeitet werden, haben Sie das Recht, gem\u00e4\u00df Art. 21 DSGVO Widerspruch gegen die Verarbeitung Ihrer personenbezogenen Daten einzulegen, soweit daf\u00fcr Gr\u00fcnde vorliegen, die sich aus Ihrer besonderen Situation ergeben oder sich der Widerspruch gegen Direktwerbung richtet. Im letzteren Fall haben Sie ein generelles Widerspruchsrecht, das ohne Angabe einer besonderen Situation von uns umgesetzt wird.<\/p>\n<p>M\u00f6chten Sie von Ihrem Widerrufs- oder Widerspruchsrecht Gebrauch machen, gen\u00fcgt eine E-Mail an datenschutz@fvh-neustadt.de.<\/p>\n<p>RECHT AUF AUSKUNFT, BERICHTIGUNG, L\u00d6SCHUNG, EINSCHR\u00c4NKUNG<br \/>\nDer betroffenen Person steht das Recht auf Auskunft \u00fcber die betreffenden personenbezogenen Daten sowie auf Berichtigung oder L\u00f6schung oder auf Einschr\u00e4nkung der Verarbeitung zu. Ferner hat sie ein Widerspruchsrecht gegen die Verarbeitung.<\/p>\n<p>RECHT AUF DATEN\u00dcBERTRAGBARKEIT<br \/>\nDer betroffenen Person steht das Recht auf Daten\u00fcbertragbarkeit zu.<\/p>\n<p>BESTEHEN EINES BESCHWERDERECHTS BEI DER AUFSICHTSBEH\u00d6RDE<br \/>\nSie haben das Recht, sich bei der Aufsichtsbeh\u00f6rde zu beschweren.<\/p>\n<p>BEREITSTELLUNG DER PERSONENBEZOGENEN DATEN<br \/>\nEs besteht f\u00fcr Sie keine gesetzliche Pflicht zur Bereitstellung von personenbezogenen Daten.<\/p>\n<p>&nbsp;<\/p>\n<p>ANALYSEWERKZEUGE<br \/>\nWir setzen auf unserer Seite Cookies ein. Hierbei handelt es sich um kleine Dateien, die Ihr Browser automatisch erstellt und die auf Ihrem Endger\u00e4t (Laptop, Tablet, Smartphone o.\u00e4.) gespeichert werden, wenn Sie unsere Seite besuchen. Cookies richten auf Ihrem Endger\u00e4t keinen Schaden an, enthalten keine Viren, Trojaner oder sonstige Schadsoftware.<\/p>\n<p>In dem Cookie werden Informationen abgelegt, die sich jeweils im Zusammenhang mit dem spezifisch eingesetzten Endger\u00e4t ergeben. Dies bedeutet jedoch nicht, dass wir dadurch unmittelbar Kenntnis von Ihrer Identit\u00e4t erhalten.<\/p>\n<p>Der Einsatz von Cookies dient einerseits dazu, die Nutzung unseres Angebots f\u00fcr Sie angenehmer zu gestalten. So setzen wir sogenannte Session-Cookies ein, um zu erkennen, dass Sie einzelne Seiten unserer Website bereits besucht haben. Diese werden nach Verlassen unserer Seite automatisch gel\u00f6scht.<\/p>\n<p>Dar\u00fcber hinaus setzen wir ebenfalls zur Optimierung der Benutzerfreundlichkeit tempor\u00e4re Cookies ein, die f\u00fcr einen bestimmten festgelegten Zeitraum auf Ihrem Endger\u00e4t gespeichert werden. Besuchen Sie unsere Seite erneut, um unsere Dienste in Anspruch zu nehmen, wird automatisch erkannt, dass Sie bereits bei uns waren und welche Eingaben und Einstellungen sie get\u00e4tigt haben, um diese nicht noch einmal eingeben zu m\u00fcssen.<\/p>\n<p>Die durch Cookies verarbeiteten Daten sind f\u00fcr die genannten Zwecke zur Wahrung unserer berechtigten Interessen sowie der Dritter nach Art. 6 Abs. 1 S. 1 lit. f DSGVO erforderlich.<\/p>\n<p>Die meisten Browser akzeptieren Cookies automatisch. Sie k\u00f6nnen Ihren Browser jedoch so konfigurieren, dass keine Cookies auf Ihrem Computer gespeichert werden oder stets ein Hinweis erscheint, bevor ein neuer Cookie angelegt wird. Die vollst\u00e4ndige Deaktivierung von Cookies kann jedoch dazu f\u00fchren, dass Sie nicht alle Funktionen unserer Website nutzen k\u00f6nnen.<\/p>\n<p>DATENSICHERHEIT<br \/>\nWir verwenden innerhalb des Website-Besuchs das verbreitete SSL-Verfahren (Secure Socket Layer) in Verbindung mit der jeweils h\u00f6chsten Verschl\u00fcsselungsstufe, die von Ihrem Browser unterst\u00fctzt wird. In der Regel handelt es sich dabei um eine 256 Bit Verschl\u00fcsselung. Falls Ihr Browser keine 256-Bit Verschl\u00fcsselung unterst\u00fctzt, greifen wir stattdessen auf 128-Bit v3 Technologie zur\u00fcck. Ob eine einzelne Seite unseres Internetauftrittes verschl\u00fcsselt \u00fcbertragen wird, erkennen Sie an der geschlossenen Darstellung des Sch\u00fcssel- beziehungsweise Schloss-Symbols in der unteren Statusleiste Ihres Browsers.<\/p>\n<p>Wir bedienen uns im \u00dcbrigen geeigneter technischer und organisatorischer Sicherheitsma\u00dfnahmen, um Ihre Daten gegen zuf\u00e4llige oder vors\u00e4tzliche Manipulationen, teilweisen oder vollst\u00e4ndigen Verlust, Zerst\u00f6rung oder gegen den unbefugten Zugriff Dritter zu sch\u00fctzen. Unsere Sicherheitsma\u00dfnahmen werden entsprechend der technologischen Entwicklung fortlaufend verbessert.<\/p>\n<p>AKTUALIT\u00c4T UND \u00c4NDERUNG DIESER DATENSCHUTZERKL\u00c4RUNG<br \/>\nDiese Datenschutzerkl\u00e4rung ist aktuell g\u00fcltig und hat den Stand Mai 2018.<br \/>\nDurch die Weiterentwicklung unserer Website und Angebote dar\u00fcber oder aufgrund ge\u00e4nderter gesetzlicher beziehungsweise beh\u00f6rdlicher Vorgaben kann es notwendig werden, diese Datenschutzerkl\u00e4rung zu \u00e4ndern. Die jeweils aktuelle Datenschutzerkl\u00e4rung kann jederzeit auf der Website von Ihnen abgerufen und ausgedruckt werden.<\/p>\n<p>&nbsp;<\/p>\n<p>GOOGLE WEB FONTS<br \/>\nDiese Seite nutzt zur einheitlichen Darstellung von Schriftarten so genannte Web Fonts, die von Google bereitgestellt werden. Beim Aufruf einer Seite l\u00e4dt Ihr Browser die ben\u00f6tigten Web Fonts in ihren Browsercache, um Texte und Schriftarten korrekt anzuzeigen.<\/p>\n<p>Zu diesem Zweck muss der von Ihnen verwendete Browser Verbindung zu den Servern von Google aufnehmen. Hierdurch erlangt Google Kenntnis dar\u00fcber, dass \u00fcber Ihre IP-Adresse unsere Website aufgerufen wurde. Die Nutzung von Google Web Fonts erfolgt im Interesse einer einheitlichen und ansprechenden Darstellung unserer Online-Angebote.<br \/>\nDies stellt ein berechtigtes Interesse im Sinne von Art. 6 Abs. 1 lit. f DSGVO dar.<\/p>\n<p>Wenn Ihr Browser Web Fonts nicht unterst\u00fctzt, wird eine Standardschrift von Ihrem Computer genutzt.<br \/>\nWeitere Informationen zu Google Web Fonts finden Sie unter https:\/\/developers.google.com\/fonts\/faq<br \/>\nund in der Datenschutzerkl\u00e4rung von Google: https:\/\/www.google.com\/policies\/privacy\/.<\/p>\n","protected":false},"excerpt":{"rendered":"<p>&nbsp; DATENSCHUTZERKL\u00c4RUNG Der nachfolgende Text dient Ihrer Information \u00fcber die von uns vorgenommene Verarbeitung Ihrer personenbezogenen Daten im Rahmen unseres Internetangebots. VERANTWORTLICHER [&hellip;]<\/p>\n","protected":false},"author":1,"featured_media":0,"parent":239,"menu_order":0,"comment_status":"closed","ping_status":"closed","template":"","meta":{"footnotes":""},"class_list":["post-519","page","type-page","status-publish","hentry"],"_links":{"self":[{"href":"https:\/\/www.fvh-neustadt.de\/index.php?rest_route=\/wp\/v2\/pages\/519","targetHints":{"allow":["GET"]}}],"collection":[{"href":"https:\/\/www.fvh-neustadt.de\/index.php?rest_route=\/wp\/v2\/pages"}],"about":[{"href":"https:\/\/www.fvh-neustadt.de\/index.php?rest_route=\/wp\/v2\/types\/page"}],"author":[{"embeddable":true,"href":"https:\/\/www.fvh-neustadt.de\/index.php?rest_route=\/wp\/v2\/users\/1"}],"replies":[{"embeddable":true,"href":"https:\/\/www.fvh-neustadt.de\/index.php?rest_route=%2Fwp%2Fv2%2Fcomments&post=519"}],"version-history":[{"count":3,"href":"https:\/\/www.fvh-neustadt.de\/index.php?rest_route=\/wp\/v2\/pages\/519\/revisions"}],"predecessor-version":[{"id":532,"href":"https:\/\/www.fvh-neustadt.de\/index.php?rest_route=\/wp\/v2\/pages\/519\/revisions\/532"}],"up":[{"embeddable":true,"href":"https:\/\/www.fvh-neustadt.de\/index.php?rest_route=\/wp\/v2\/pages\/239"}],"wp:attachment":[{"href":"https:\/\/www.fvh-neustadt.de\/index.php?rest_route=%2Fwp%2Fv2%2Fmedia&parent=519"}],"curies":[{"name":"wp","href":"https:\/\/api.w.org\/{rel}","templated":true}]}}